{"id":15,"date":"2025-07-09T14:12:35","date_gmt":"2025-07-09T11:12:35","guid":{"rendered":"https:\/\/www.smartexfuari.com\/?page_id=15"},"modified":"2025-07-09T14:27:14","modified_gmt":"2025-07-09T11:27:14","slug":"how-to-get-to-the-venue","status":"publish","type":"page","link":"https:\/\/www.smartexfuari.com\/en\/how-to-get-to-the-venue\/","title":{"rendered":"How to Get to the Venue"},"content":{"rendered":"\n<p><strong>By car:<\/strong> You can reach the 2<sup>nd<\/sup>, 4<sup>th<\/sup> and 8<sup>th<\/sup> Halls located at the Istanbul World Trade Center (\u0130DTM) by car following the route to the Ataturk Airport.<\/p>\n\n\n\n<p><strong>By Metrobus: You<\/strong> need to take the Aksaray-Airport metro at the Sirinevler metrobus stop. You need to get off at the Istanbul World Trade Center (\u0130DTM) stop.<\/p>\n\n\n\n<p><strong>By Metro: Via the <\/strong>Aksaray-Airport metro, you need to get off at the Istanbul World Trade Center (\u0130DTM) stop.<\/p>\n\n\n\n<p><strong>From the Istanbul Airport: You need to take the <\/strong>Havaist Bus, get off at the Yenibosna-Kuleli stop and take the M1A Metro. After one stop, you need to get off at the Istanbul World Trade Center (\u0130DTM) \/ Istanbul Exhibition Center stop.<\/p>\n\n\n\n<p><strong>Istanbul Exhibition Center<\/strong><br>Address : Atat\u00fcrk Havaliman\u0131 Kar\u015f\u0131s\u0131, 34149 Ye\u015filk\u00f6y, \u0130stanbul<\/p>\n","protected":false},"excerpt":{"rendered":"<p>By car: You can reach the 2nd, 4th and 8th Halls located at the Istanbul World Trade Center (\u0130DTM) by car following the route to the Ataturk Airport. By Metrobus: You need to take the Aksaray-Airport metro at the Sirinevler metrobus stop. You need to get off at the Istanbul World Trade Center (\u0130DTM) stop. &hellip;<\/p>\n","protected":false},"author":1,"featured_media":0,"parent":0,"menu_order":0,"comment_status":"closed","ping_status":"closed","template":"","meta":{"footnotes":""},"class_list":["post-15","page","type-page","status-publish",""],"_links":{"self":[{"href":"https:\/\/www.smartexfuari.com\/en\/wp-json\/wp\/v2\/pages\/15","targetHints":{"allow":["GET"]}}],"collection":[{"href":"https:\/\/www.smartexfuari.com\/en\/wp-json\/wp\/v2\/pages"}],"about":[{"href":"https:\/\/www.smartexfuari.com\/en\/wp-json\/wp\/v2\/types\/page"}],"author":[{"embeddable":true,"href":"https:\/\/www.smartexfuari.com\/en\/wp-json\/wp\/v2\/users\/1"}],"replies":[{"embeddable":true,"href":"https:\/\/www.smartexfuari.com\/en\/wp-json\/wp\/v2\/comments?post=15"}],"version-history":[{"count":1,"href":"https:\/\/www.smartexfuari.com\/en\/wp-json\/wp\/v2\/pages\/15\/revisions"}],"predecessor-version":[{"id":16,"href":"https:\/\/www.smartexfuari.com\/en\/wp-json\/wp\/v2\/pages\/15\/revisions\/16"}],"wp:attachment":[{"href":"https:\/\/www.smartexfuari.com\/en\/wp-json\/wp\/v2\/media?parent=15"}],"curies":[{"name":"wp","href":"https:\/\/api.w.org\/{rel}","templated":true}]}}